{"id":594,"date":"2025-10-24T09:38:50","date_gmt":"2025-10-24T07:38:50","guid":{"rendered":"https:\/\/condedevalicourt.pruebasweb.com.es\/?page_id=594"},"modified":"2025-11-05T09:43:14","modified_gmt":"2025-11-05T08:43:14","slug":"informacio-sobre-cookies","status":"publish","type":"page","link":"https:\/\/condedevalicourt.com\/ca\/informacio-sobre-cookies\/","title":{"rendered":"Cookies"},"content":{"rendered":"<p><div class=\"fusion-fullwidth fullwidth-box fusion-builder-row-1 fusion-flex-container has-pattern-background has-mask-background hundred-percent-fullwidth non-hundred-percent-height-scrolling\" style=\"--awb-border-radius-top-left:0px;--awb-border-radius-top-right:0px;--awb-border-radius-bottom-right:0px;--awb-border-radius-bottom-left:0px;--awb-flex-wrap:wrap;\" ><div class=\"fusion-builder-row fusion-row fusion-flex-align-items-flex-start fusion-flex-content-wrap\" style=\"width:104% !important;max-width:104% !important;margin-left: calc(-4% \/ 2 );margin-right: calc(-4% \/ 2 );\"><div class=\"fusion-layout-column fusion_builder_column fusion-builder-column-0 fusion_builder_column_1_1 1_1 fusion-flex-column\" style=\"--awb-bg-size:cover;--awb-width-large:100%;--awb-margin-top-large:0px;--awb-spacing-right-large:1.92%;--awb-margin-bottom-large:20px;--awb-spacing-left-large:1.92%;--awb-width-medium:100%;--awb-order-medium:0;--awb-spacing-right-medium:1.92%;--awb-spacing-left-medium:1.92%;--awb-width-small:100%;--awb-order-small:0;--awb-spacing-right-small:1.92%;--awb-spacing-left-small:1.92%;\"><div class=\"fusion-column-wrapper fusion-column-has-shadow fusion-flex-justify-content-flex-start fusion-content-layout-column\"><div class=\"fusion-title title fusion-title-1 fusion-sep-none fusion-title-text fusion-title-size-one\" style=\"--awb-text-color:var(--awb-color6);--awb-margin-top-small:10px;--awb-margin-right-small:0px;--awb-margin-bottom-small:10px;--awb-margin-left-small:0px;--awb-font-size:19px;\"><h1 class=\"fusion-title-heading title-heading-right fusion-responsive-typography-calculated\" style=\"margin:0;font-size:1em;--fontSize:19;--minFontSize:19;line-height:var(--awb-typography1-line-height);\">Your Content Goes Here<\/h1><\/div><nav class=\"fusion-breadcrumbs awb-yoast-breadcrumbs fusion-breadcrumbs-1\" style=\"--awb-alignment:right;--awb-font-size:12px;--awb-breadcrumb-sep:&#039;\/&#039;;text-align:right;\" aria-label=\"Breadcrumb\"><ol class=\"awb-breadcrumb-list\"><li class=\"fusion-breadcrumb-item awb-breadcrumb-sep awb-home\" ><a href=\"https:\/\/condedevalicourt.com\/ca\/\" class=\"fusion-breadcrumb-link\"><span >Inicio<\/span><\/a><\/li><\/ol><\/nav><\/div><\/div><\/div><\/div><div class=\"fusion-fullwidth fullwidth-box fusion-builder-row-2 fusion-flex-container has-pattern-background has-mask-background nonhundred-percent-fullwidth non-hundred-percent-height-scrolling\" style=\"--awb-border-radius-top-left:0px;--awb-border-radius-top-right:0px;--awb-border-radius-bottom-right:0px;--awb-border-radius-bottom-left:0px;--awb-margin-bottom:60px;--awb-flex-wrap:wrap;\" ><div class=\"fusion-builder-row fusion-row fusion-flex-align-items-flex-start fusion-flex-content-wrap\" style=\"max-width:1248px;margin-left: calc(-4% \/ 2 );margin-right: calc(-4% \/ 2 );\"><div class=\"fusion-layout-column fusion_builder_column fusion-builder-column-1 fusion_builder_column_1_1 1_1 fusion-flex-column\" style=\"--awb-bg-size:cover;--awb-width-large:100%;--awb-margin-top-large:0px;--awb-spacing-right-large:1.92%;--awb-margin-bottom-large:20px;--awb-spacing-left-large:1.92%;--awb-width-medium:100%;--awb-order-medium:0;--awb-spacing-right-medium:1.92%;--awb-spacing-left-medium:1.92%;--awb-width-small:100%;--awb-order-small:0;--awb-spacing-right-small:1.92%;--awb-spacing-left-small:1.92%;\"><div class=\"fusion-column-wrapper fusion-column-has-shadow fusion-flex-justify-content-flex-start fusion-content-layout-column\"><div class=\"fusion-text fusion-text-1\" style=\"--awb-content-alignment:justify;\"><p>\u00das de cookies<\/p>\n<p>En el nostre lloc web utilitzem cookies, tant pr\u00f2pies com de tercers (Google Analytics) per millorar la teva experi\u00e8ncia d\u2019usuari i recollir dades estad\u00edstiques sobre l\u2019\u00fas de la nostra web per part dels usuaris. Les cookies s\u2019associen \u00fanicament al navegador que est\u00e0 utilitzant, de manera que no s\u2019emmagatzema cap tipus de dades personals sobre l\u2019usuari que visita la nostra p\u00e0gina web. Vost\u00e8 pot configurar el seu navegador perqu\u00e8 notifiqui i\/o rebutgi la instal\u00b7laci\u00f3 de les cookies, sense que aix\u00f2 perjudiqui la possibilitat de l\u2019usuari de poder accedir a les diferents zones de la web, excepte al servei de xat de suport t\u00e8cnic.<\/p>\n<p>Si navegues per la nostra web, estar\u00e0s acceptant l\u2019\u00fas de les cookies en les condicions establertes en aquesta Pol\u00edtica de Cookies. Aquesta pol\u00edtica pot ser actualitzada, per la qual cosa et convidem a revisar-la de forma regular.<\/p>\n<p>Qu\u00e8 son les cookies?<\/p>\n<p>S\u00f3n petits fitxers de dades que el servidor d\u2019Internet envia al dispositiu amb el qual et connectes a les nostres webs i que aquest arxiva. S\u2019associen \u00fanicament al teu navegador i no proporcionen per si mateixes dades personals. Les cookies no poden malmetre el teu dispositiu i a m\u00e9s s\u00f3n molt \u00fatils, ja que ens ajuden a identificar i resoldre errors.<\/p>\n<p>Si vols m\u00e9s informaci\u00f3 sobre el seu funcionament, et recomanem que visitis www.allaboutcookies.org i www.youronlinechoices.eu<\/p>\n<p>Cookies de xarxes socials<\/p>\n<p>A la nostra p\u00e0gina web s\u2019inclouen botons que els usuaris poden utilitzar, de forma senzilla i intu\u00eftiva, per enlla\u00e7ar i compartir certs continguts a les xarxes socials com Facebook, Twitter, Google+, LinkedIn o Pinterest. Aquesta funcionalitat comporta l\u2019\u00fas de cookies que enllacen amb les p\u00e0gines web d\u2019aquestes xarxes socials, emmagatzemant la informaci\u00f3 \u00fanicament en elles.<\/p>\n<p>Configuraci\u00f3 de les cookies<\/p>\n<p>Pots consultar els passos per deshabilitar la instal\u00b7laci\u00f3 de cookies en la secci\u00f3 de \u201cAjuda\u201d del teu navegador: Microsoft Internet Explorer, Google Chrome, Safari, Mozilla Firefox i Opera.<\/p>\n<p>Molts navegadors permeten activar un sistema privat mitjan\u00e7ant el qual les cookies s\u2019esborren sempre despr\u00e9s de la teva visita a la web. Depenent de cada navegador aquest sistema pot tenir diferents noms. A continuaci\u00f3 detallem una llista dels navegadors m\u00e9s comuns i els diferents noms d\u2019aquest sistema privat:<\/p>\n<p>Internet Explorer 8 i superior \u2013 InPrivate<br \/>\nOpera 10.5 i superior \u2013 Navegaci\u00f3 Privada<br \/>\nGoogle Chrome 10 i superior \u2013 Inc\u00f2gnit<br \/>\nSafari 2 i superior \u2013 Navegaci\u00f3 Privada<br \/>\nFirefox 3.5 i superior \u2013 Navegaci\u00f3 Privada<\/p>\n<p>A continuaci\u00f3 us detallem la relaci\u00f3 de cookies utilitzades per <a href=\"https:\/\/condedevalicourt.com\">condedevalicourt.com<\/a>:<\/p>\n<\/div>\n<div class=\"table-2\">\n<table class=\"cookie-table\">\n<thead>\n<tr>\n<th>Cookie<\/th>\n<th>Tipo<\/th>\n<th>Duraci\u00f3<\/th>\n<th>Descripci\u00f3<\/th>\n<\/tr>\n<\/thead>\n<tbody>\n<tr>\n<td>__utma<\/td>\n<td>De tercers<\/td>\n<td>2 anys<\/td>\n<td>Utilitzada per Google Analytics.<\/td>\n<\/tr>\n<tr>\n<td>__utmb<\/td>\n<td>De tercers<\/td>\n<td>30 minuts<\/td>\n<td>Utilitzada per Google Analytics.<\/td>\n<\/tr>\n<tr>\n<td>__utmc<\/td>\n<td>De tercers<\/td>\n<td>30 minuts<\/td>\n<td>Utilitzada per Google Analytics.<\/td>\n<\/tr>\n<tr>\n<td>__utmz<\/td>\n<td>De tercers<\/td>\n<td>30 minuts<\/td>\n<td>Utilitzada per Google Analytics.<\/td>\n<\/tr>\n<tr>\n<td>wordpress_logged_in[hash]<\/td>\n<td>De tercers<\/td>\n<td>Sessi\u00f3<\/td>\n<td>Indica si el usuario est\u00e1 conectado y qui\u00e9n es.<\/td>\n<\/tr>\n<tr>\n<td>wordpress_test_cookie<\/td>\n<td>De tercers<\/td>\n<td>Sessi\u00f3<\/td>\n<td>Es fa servir perqu\u00e8 el gestor de continguts WordPress comprovi si el navegador t\u00e9 les Cookies activades<\/td>\n<\/tr>\n<tr>\n<td>wp-settings-1<\/td>\n<td>De tercers<\/td>\n<td>Al tancar navegador<\/td>\n<td>Utilitzada per personalitzar l\u2019 interf\u00edcie d\u2019usuari<\/td>\n<\/tr>\n<tr>\n<td>wp-settings-time-1<\/td>\n<td>Propia<\/td>\n<td>1 any<\/td>\n<td>personalitzar l\u2019 interf\u00edcie<\/td>\n<\/tr>\n<\/tbody>\n<\/table>\n<\/div>\n<\/div><\/div><\/div><\/div><\/p>\n","protected":false},"excerpt":{"rendered":"","protected":false},"author":1,"featured_media":0,"parent":0,"menu_order":0,"comment_status":"closed","ping_status":"closed","template":"100-width.php","meta":{"footnotes":""},"class_list":["post-594","page","type-page","status-publish","hentry"],"yoast_head":"<!-- This site is optimized with the Yoast SEO plugin v27.4 - https:\/\/yoast.com\/product\/yoast-seo-wordpress\/ -->\n<title>Informaci\u00f3 sobre cookies \u00b7 Conde de Valicourt<\/title>\n<meta name=\"description\" content=\"Coneix com utilitzem cookies al web: tipus, finalitat, com gestionar-les i revocar el consentiment. Transpar\u00e8ncia i control per a l\u2019usuari.\" \/>\n<meta name=\"robots\" content=\"index, follow, max-snippet:-1, max-image-preview:large, max-video-preview:-1\" \/>\n<link rel=\"canonical\" href=\"https:\/\/condedevalicourt.com\/ca\/informacio-sobre-cookies\/\" \/>\n<meta property=\"og:locale\" content=\"ca_ES\" \/>\n<meta property=\"og:type\" content=\"article\" \/>\n<meta property=\"og:title\" content=\"Informaci\u00f3 sobre cookies \u00b7 Conde de Valicourt\" \/>\n<meta property=\"og:description\" content=\"Coneix com utilitzem cookies al web: tipus, finalitat, com gestionar-les i revocar el consentiment. Transpar\u00e8ncia i control per a l\u2019usuari.\" \/>\n<meta property=\"og:url\" content=\"https:\/\/condedevalicourt.com\/ca\/informacio-sobre-cookies\/\" \/>\n<meta property=\"og:site_name\" content=\"Conde de Valicourt - Cavas artesanos - Pened\u00e9s (Sant Sadurn\u00ed de Noia)\" \/>\n<meta property=\"article:modified_time\" content=\"2025-11-05T08:43:14+00:00\" \/>\n<meta name=\"twitter:card\" content=\"summary_large_image\" \/>\n<meta name=\"twitter:label1\" content=\"Temps estimat de lectura\" \/>\n\t<meta name=\"twitter:data1\" content=\"3 minuts\" \/>\n<script type=\"application\/ld+json\" class=\"yoast-schema-graph\">{\"@context\":\"https:\\\/\\\/schema.org\",\"@graph\":[{\"@type\":\"WebPage\",\"@id\":\"https:\\\/\\\/condedevalicourt.com\\\/ca\\\/informacio-sobre-cookies\\\/\",\"url\":\"https:\\\/\\\/condedevalicourt.com\\\/ca\\\/informacio-sobre-cookies\\\/\",\"name\":\"Informaci\u00f3 sobre cookies \u00b7 Conde de Valicourt\",\"isPartOf\":{\"@id\":\"https:\\\/\\\/condedevalicourt.com\\\/ca\\\/#website\"},\"datePublished\":\"2025-10-24T07:38:50+00:00\",\"dateModified\":\"2025-11-05T08:43:14+00:00\",\"description\":\"Coneix com utilitzem cookies al web: tipus, finalitat, com gestionar-les i revocar el consentiment. Transpar\u00e8ncia i control per a l\u2019usuari.\",\"breadcrumb\":{\"@id\":\"https:\\\/\\\/condedevalicourt.com\\\/ca\\\/informacio-sobre-cookies\\\/#breadcrumb\"},\"inLanguage\":\"ca\",\"potentialAction\":[{\"@type\":\"ReadAction\",\"target\":[\"https:\\\/\\\/condedevalicourt.com\\\/ca\\\/informacio-sobre-cookies\\\/\"]}]},{\"@type\":\"BreadcrumbList\",\"@id\":\"https:\\\/\\\/condedevalicourt.com\\\/ca\\\/informacio-sobre-cookies\\\/#breadcrumb\",\"itemListElement\":[{\"@type\":\"ListItem\",\"position\":1,\"name\":\"Portada\",\"item\":\"https:\\\/\\\/condedevalicourt.com\\\/ca\\\/\"},{\"@type\":\"ListItem\",\"position\":2,\"name\":\"Cookies\"}]},{\"@type\":\"WebSite\",\"@id\":\"https:\\\/\\\/condedevalicourt.com\\\/ca\\\/#website\",\"url\":\"https:\\\/\\\/condedevalicourt.com\\\/ca\\\/\",\"name\":\"Conde de Valicourt - Cavas artesanos - Pened\u00e9s (Sant Sadurn\u00ed de Noia)\",\"description\":\"\",\"potentialAction\":[{\"@type\":\"SearchAction\",\"target\":{\"@type\":\"EntryPoint\",\"urlTemplate\":\"https:\\\/\\\/condedevalicourt.com\\\/ca\\\/?s={search_term_string}\"},\"query-input\":{\"@type\":\"PropertyValueSpecification\",\"valueRequired\":true,\"valueName\":\"search_term_string\"}}],\"inLanguage\":\"ca\"}]}<\/script>\n<!-- \/ Yoast SEO plugin. -->","yoast_head_json":{"title":"Informaci\u00f3 sobre cookies \u00b7 Conde de Valicourt","description":"Coneix com utilitzem cookies al web: tipus, finalitat, com gestionar-les i revocar el consentiment. Transpar\u00e8ncia i control per a l\u2019usuari.","robots":{"index":"index","follow":"follow","max-snippet":"max-snippet:-1","max-image-preview":"max-image-preview:large","max-video-preview":"max-video-preview:-1"},"canonical":"https:\/\/condedevalicourt.com\/ca\/informacio-sobre-cookies\/","og_locale":"ca_ES","og_type":"article","og_title":"Informaci\u00f3 sobre cookies \u00b7 Conde de Valicourt","og_description":"Coneix com utilitzem cookies al web: tipus, finalitat, com gestionar-les i revocar el consentiment. Transpar\u00e8ncia i control per a l\u2019usuari.","og_url":"https:\/\/condedevalicourt.com\/ca\/informacio-sobre-cookies\/","og_site_name":"Conde de Valicourt - Cavas artesanos - Pened\u00e9s (Sant Sadurn\u00ed de Noia)","article_modified_time":"2025-11-05T08:43:14+00:00","twitter_card":"summary_large_image","twitter_misc":{"Temps estimat de lectura":"3 minuts"},"schema":{"@context":"https:\/\/schema.org","@graph":[{"@type":"WebPage","@id":"https:\/\/condedevalicourt.com\/ca\/informacio-sobre-cookies\/","url":"https:\/\/condedevalicourt.com\/ca\/informacio-sobre-cookies\/","name":"Informaci\u00f3 sobre cookies \u00b7 Conde de Valicourt","isPartOf":{"@id":"https:\/\/condedevalicourt.com\/ca\/#website"},"datePublished":"2025-10-24T07:38:50+00:00","dateModified":"2025-11-05T08:43:14+00:00","description":"Coneix com utilitzem cookies al web: tipus, finalitat, com gestionar-les i revocar el consentiment. Transpar\u00e8ncia i control per a l\u2019usuari.","breadcrumb":{"@id":"https:\/\/condedevalicourt.com\/ca\/informacio-sobre-cookies\/#breadcrumb"},"inLanguage":"ca","potentialAction":[{"@type":"ReadAction","target":["https:\/\/condedevalicourt.com\/ca\/informacio-sobre-cookies\/"]}]},{"@type":"BreadcrumbList","@id":"https:\/\/condedevalicourt.com\/ca\/informacio-sobre-cookies\/#breadcrumb","itemListElement":[{"@type":"ListItem","position":1,"name":"Portada","item":"https:\/\/condedevalicourt.com\/ca\/"},{"@type":"ListItem","position":2,"name":"Cookies"}]},{"@type":"WebSite","@id":"https:\/\/condedevalicourt.com\/ca\/#website","url":"https:\/\/condedevalicourt.com\/ca\/","name":"Conde de Valicourt - Cavas artesanos - Pened\u00e9s (Sant Sadurn\u00ed de Noia)","description":"","potentialAction":[{"@type":"SearchAction","target":{"@type":"EntryPoint","urlTemplate":"https:\/\/condedevalicourt.com\/ca\/?s={search_term_string}"},"query-input":{"@type":"PropertyValueSpecification","valueRequired":true,"valueName":"search_term_string"}}],"inLanguage":"ca"}]}},"_links":{"self":[{"href":"https:\/\/condedevalicourt.com\/ca\/wp-json\/wp\/v2\/pages\/594","targetHints":{"allow":["GET"]}}],"collection":[{"href":"https:\/\/condedevalicourt.com\/ca\/wp-json\/wp\/v2\/pages"}],"about":[{"href":"https:\/\/condedevalicourt.com\/ca\/wp-json\/wp\/v2\/types\/page"}],"author":[{"embeddable":true,"href":"https:\/\/condedevalicourt.com\/ca\/wp-json\/wp\/v2\/users\/1"}],"replies":[{"embeddable":true,"href":"https:\/\/condedevalicourt.com\/ca\/wp-json\/wp\/v2\/comments?post=594"}],"version-history":[{"count":0,"href":"https:\/\/condedevalicourt.com\/ca\/wp-json\/wp\/v2\/pages\/594\/revisions"}],"wp:attachment":[{"href":"https:\/\/condedevalicourt.com\/ca\/wp-json\/wp\/v2\/media?parent=594"}],"curies":[{"name":"wp","href":"https:\/\/api.w.org\/{rel}","templated":true}]}}