{"id":608,"date":"2025-10-21T12:51:06","date_gmt":"2025-10-21T10:51:06","guid":{"rendered":"https:\/\/condedevalicourt.pruebasweb.com.es\/?page_id=608"},"modified":"2025-11-05T11:46:16","modified_gmt":"2025-11-05T10:46:16","slug":"lots","status":"publish","type":"page","link":"https:\/\/condedevalicourt.com\/ca\/lots\/","title":{"rendered":"Lots"},"content":{"rendered":"<p><div class=\"fusion-fullwidth fullwidth-box fusion-builder-row-1 fusion-flex-container has-pattern-background has-mask-background hundred-percent-fullwidth non-hundred-percent-height-scrolling\" style=\"--awb-border-radius-top-left:0px;--awb-border-radius-top-right:0px;--awb-border-radius-bottom-right:0px;--awb-border-radius-bottom-left:0px;--awb-padding-bottom:0px;--awb-flex-wrap:wrap;\" ><div class=\"fusion-builder-row fusion-row fusion-flex-align-items-flex-start fusion-flex-content-wrap\" style=\"width:104% !important;max-width:104% !important;margin-left: calc(-4% \/ 2 );margin-right: calc(-4% \/ 2 );\"><div class=\"fusion-layout-column fusion_builder_column fusion-builder-column-0 fusion_builder_column_1_1 1_1 fusion-flex-column\" style=\"--awb-bg-size:cover;--awb-width-large:100%;--awb-margin-top-large:0px;--awb-spacing-right-large:1.92%;--awb-margin-bottom-large:20px;--awb-spacing-left-large:1.92%;--awb-width-medium:100%;--awb-order-medium:0;--awb-spacing-right-medium:1.92%;--awb-spacing-left-medium:1.92%;--awb-width-small:100%;--awb-order-small:0;--awb-spacing-right-small:1.92%;--awb-spacing-left-small:1.92%;\"><div class=\"fusion-column-wrapper fusion-column-has-shadow fusion-flex-justify-content-flex-start fusion-content-layout-column\"><div class=\"fusion-title title fusion-title-1 fusion-sep-none fusion-title-text fusion-title-size-one\" style=\"--awb-text-color:var(--awb-color6);--awb-margin-top-small:10px;--awb-margin-right-small:0px;--awb-margin-bottom-small:10px;--awb-margin-left-small:0px;--awb-font-size:19px;\"><h1 class=\"fusion-title-heading title-heading-right fusion-responsive-typography-calculated\" style=\"margin:0;font-size:1em;--fontSize:19;--minFontSize:19;line-height:var(--awb-typography1-line-height);\">Your Content Goes Here<\/h1><\/div><nav class=\"fusion-breadcrumbs awb-yoast-breadcrumbs fusion-breadcrumbs-1\" style=\"--awb-alignment:right;--awb-font-size:12px;--awb-breadcrumb-sep:&#039;\/&#039;;text-align:right;\" aria-label=\"Breadcrumb\"><ol class=\"awb-breadcrumb-list\"><li class=\"fusion-breadcrumb-item awb-breadcrumb-sep awb-home\" ><a href=\"https:\/\/condedevalicourt.com\/ca\/\" class=\"fusion-breadcrumb-link\"><span >Inicio<\/span><\/a><\/li><\/ol><\/nav><\/div><\/div><\/div><\/div><div class=\"fusion-fullwidth fullwidth-box fusion-builder-row-2 fusion-flex-container has-pattern-background has-mask-background nonhundred-percent-fullwidth non-hundred-percent-height-scrolling\" style=\"--awb-border-radius-top-left:0px;--awb-border-radius-top-right:0px;--awb-border-radius-bottom-right:0px;--awb-border-radius-bottom-left:0px;--awb-padding-bottom:70px;--awb-flex-wrap:wrap;\" ><div class=\"fusion-builder-row fusion-row fusion-flex-align-items-stretch fusion-flex-content-wrap\" style=\"max-width:1248px;margin-left: calc(-4% \/ 2 );margin-right: calc(-4% \/ 2 );\"><div class=\"fusion-layout-column fusion_builder_column fusion-builder-column-1 fusion_builder_column_1_1 1_1 fusion-flex-column\" style=\"--awb-bg-size:cover;--awb-width-large:100%;--awb-margin-top-large:0px;--awb-spacing-right-large:1.92%;--awb-margin-bottom-large:20px;--awb-spacing-left-large:1.92%;--awb-width-medium:100%;--awb-order-medium:0;--awb-spacing-right-medium:1.92%;--awb-spacing-left-medium:1.92%;--awb-width-small:100%;--awb-order-small:0;--awb-spacing-right-small:1.92%;--awb-spacing-left-small:1.92%;\"><div class=\"fusion-column-wrapper fusion-column-has-shadow fusion-flex-justify-content-flex-start fusion-content-layout-column\"><div class=\"fusion-title title fusion-title-2 fusion-sep-none fusion-title-center fusion-title-text fusion-title-size-two\" style=\"--awb-margin-top-small:10px;--awb-margin-right-small:0px;--awb-margin-bottom-small:10px;--awb-margin-left-small:0px;\"><h2 class=\"fusion-title-heading title-heading-center fusion-responsive-typography-calculated\" style=\"margin:0;--fontSize:30;line-height:var(--awb-typography1-line-height);\"><span class=\"rojo\">el millor<\/span> obsequi<\/h2><\/div><div class=\"fusion-separator fusion-full-width-sep\" style=\"align-self: center;margin-left: auto;margin-right: auto;margin-top:40px;margin-bottom:40px;width:100%;\"><div class=\"fusion-separator-border sep-single sep-solid\" style=\"--awb-height:20px;--awb-amount:20px;border-color:var(--awb-color3);border-top-width:2px;\"><\/div><\/div><\/div><\/div><div class=\"fusion-layout-column fusion_builder_column fusion-builder-column-2 fusion_builder_column_1_2 1_2 fusion-flex-column\" style=\"--awb-bg-size:cover;--awb-width-large:50%;--awb-margin-top-large:0px;--awb-spacing-right-large:3.84%;--awb-margin-bottom-large:20px;--awb-spacing-left-large:3.84%;--awb-width-medium:50%;--awb-order-medium:0;--awb-spacing-right-medium:3.84%;--awb-spacing-left-medium:3.84%;--awb-width-small:100%;--awb-order-small:0;--awb-spacing-right-small:1.92%;--awb-spacing-left-small:1.92%;\"><div class=\"fusion-column-wrapper fusion-column-has-shadow fusion-flex-justify-content-flex-start fusion-content-layout-column\"><div class=\"fusion-text fusion-text-1\"><p>Aconseguir clients, amics, contactes o personal nou \u00e9s relativament senzill. Conservar-los no \u00e9s gens f\u00e0cil.<\/p>\n<p>En qualsevol \u00e8poca de l\u2019any, per algun motiu en concret o, simplement, perqu\u00e8 voleu tenir un detall amb ells i que aquests us tinguin present, no dubteu a contactar-nos perqu\u00e8 us presentem les nostres propostes.<\/p>\n<p>Caves i vins elegants, sofisticats, amb una acurada presentaci\u00f3 i sense intermediaris: directe de la cava.<\/p>\n<\/div><\/div><\/div><div class=\"fusion-layout-column fusion_builder_column fusion-builder-column-3 fusion_builder_column_1_2 1_2 fusion-flex-column\" style=\"--awb-padding-top:40px;--awb-padding-right:40px;--awb-padding-bottom:40px;--awb-padding-left:40px;--awb-bg-size:cover;--awb-border-color:var(--awb-color4);--awb-border-top:1px;--awb-border-right:1px;--awb-border-bottom:1px;--awb-border-left:1px;--awb-border-style:solid;--awb-width-large:50%;--awb-margin-top-large:0px;--awb-spacing-right-large:3.84%;--awb-margin-bottom-large:20px;--awb-spacing-left-large:3.84%;--awb-width-medium:50%;--awb-order-medium:0;--awb-spacing-right-medium:3.84%;--awb-spacing-left-medium:3.84%;--awb-width-small:100%;--awb-order-small:0;--awb-spacing-right-small:1.92%;--awb-spacing-left-small:1.92%;\" data-scroll-devices=\"small-visibility,medium-visibility,large-visibility\"><div class=\"fusion-column-wrapper fusion-column-has-shadow fusion-flex-justify-content-center fusion-content-layout-column\"><div class=\"fusion-text fusion-text-2\" style=\"--awb-font-size:17px;\"><p>Tan sols heu de triar els caves i vins que encaixen amb el que busqueu, seleccionar les caixes amb les quals els voleu regalar i triar el tipus de servei que necessiteu.<\/p>\n<\/div><\/div><\/div><div class=\"fusion-layout-column fusion_builder_column fusion-builder-column-4 fusion_builder_column_1_1 1_1 fusion-flex-column\" style=\"--awb-bg-size:cover;--awb-width-large:100%;--awb-margin-top-large:30px;--awb-spacing-right-large:1.92%;--awb-margin-bottom-large:20px;--awb-spacing-left-large:1.92%;--awb-width-medium:100%;--awb-order-medium:0;--awb-spacing-right-medium:1.92%;--awb-spacing-left-medium:1.92%;--awb-width-small:100%;--awb-order-small:0;--awb-spacing-right-small:1.92%;--awb-spacing-left-small:1.92%;\"><div class=\"fusion-column-wrapper fusion-column-has-shadow fusion-flex-justify-content-flex-start fusion-content-layout-column\"><div class=\"fusion-title title fusion-title-3 fusion-sep-none fusion-title-center fusion-title-text fusion-title-size-two\" style=\"--awb-margin-bottom:30px;--awb-margin-top-small:10px;--awb-margin-right-small:0px;--awb-margin-bottom-small:10px;--awb-margin-left-small:0px;\"><h2 class=\"fusion-title-heading title-heading-center fusion-responsive-typography-calculated\" style=\"margin:0;--fontSize:30;line-height:var(--awb-typography1-line-height);\"><span class=\"rojo\">tipus de<\/span> servei<\/h2><\/div><div class=\"fusion-image-element \" style=\"text-align:center;--awb-margin-bottom:20px;--awb-max-width:100px;--awb-caption-title-font-family:var(--h2_typography-font-family);--awb-caption-title-font-weight:var(--h2_typography-font-weight);--awb-caption-title-font-style:var(--h2_typography-font-style);--awb-caption-title-size:var(--h2_typography-font-size);--awb-caption-title-transform:var(--h2_typography-text-transform);--awb-caption-title-line-height:var(--h2_typography-line-height);--awb-caption-title-letter-spacing:var(--h2_typography-letter-spacing);\"><span class=\" fusion-imageframe imageframe-none imageframe-1 hover-type-none\"><img decoding=\"async\" width=\"512\" height=\"512\" alt=\"Conde de Valicourt - Cavas artesanos - Pened\u00e9s (Sant Sadurn\u00ed de Noia)\" title=\"recogida-cava\" src=\"https:\/\/condedevalicourt.pruebasweb.com.es\/wp-content\/uploads\/recogida-cava.webp\" class=\"img-responsive wp-image-605\" srcset=\"https:\/\/condedevalicourt.com\/wp-content\/uploads\/recogida-cava-200x200.webp 200w, https:\/\/condedevalicourt.com\/wp-content\/uploads\/recogida-cava-400x400.webp 400w, https:\/\/condedevalicourt.com\/wp-content\/uploads\/recogida-cava.webp 512w\" sizes=\"(max-width: 640px) 100vw, 512px\" \/><\/span><\/div><div class=\"fusion-text fusion-text-3\" style=\"--awb-content-alignment:center;--awb-font-size:15px;--awb-line-height:1.4em;--awb-text-transform:uppercase;\"><p>Podeu recollir el vostre enc\u00e0rrec directament a les caves.<\/p>\n<\/div><div class=\"fusion-separator\" style=\"align-self: center;margin-left: auto;margin-right: auto;margin-top:10px;margin-bottom:20px;width:100%;max-width:75%;\"><div class=\"fusion-separator-border sep-single sep-solid\" style=\"--awb-height:20px;--awb-amount:20px;border-color:var(--awb-color3);border-top-width:1px;\"><\/div><\/div><div class=\"fusion-image-element \" style=\"text-align:center;--awb-margin-bottom:20px;--awb-max-width:100px;--awb-caption-title-font-family:var(--h2_typography-font-family);--awb-caption-title-font-weight:var(--h2_typography-font-weight);--awb-caption-title-font-style:var(--h2_typography-font-style);--awb-caption-title-size:var(--h2_typography-font-size);--awb-caption-title-transform:var(--h2_typography-text-transform);--awb-caption-title-line-height:var(--h2_typography-line-height);--awb-caption-title-letter-spacing:var(--h2_typography-letter-spacing);\"><span class=\" fusion-imageframe imageframe-none imageframe-2 hover-type-none\"><img decoding=\"async\" width=\"512\" height=\"512\" alt=\"Conde de Valicourt - Cavas artesanos - Pened\u00e9s (Sant Sadurn\u00ed de Noia)\" title=\"camion-de-reparto\" src=\"https:\/\/condedevalicourt.pruebasweb.com.es\/wp-content\/uploads\/camion-de-reparto.webp\" class=\"img-responsive wp-image-606\" srcset=\"https:\/\/condedevalicourt.com\/wp-content\/uploads\/camion-de-reparto-200x200.webp 200w, https:\/\/condedevalicourt.com\/wp-content\/uploads\/camion-de-reparto-400x400.webp 400w, https:\/\/condedevalicourt.com\/wp-content\/uploads\/camion-de-reparto.webp 512w\" sizes=\"(max-width: 640px) 100vw, 512px\" \/><\/span><\/div><div class=\"fusion-text fusion-text-4\" style=\"--awb-content-alignment:center;--awb-font-size:15px;--awb-line-height:1.4em;--awb-text-transform:uppercase;\"><p>Nosaltres us el lliurem a l\u2019adre\u00e7a que ens indiqueu.<\/p>\n<\/div><div class=\"fusion-separator\" style=\"align-self: center;margin-left: auto;margin-right: auto;margin-top:10px;margin-bottom:20px;width:100%;max-width:75%;\"><div class=\"fusion-separator-border sep-single sep-solid\" style=\"--awb-height:20px;--awb-amount:20px;border-color:var(--awb-color3);border-top-width:1px;\"><\/div><\/div><div class=\"fusion-image-element \" style=\"text-align:center;--awb-margin-bottom:20px;--awb-max-width:100px;--awb-caption-title-font-family:var(--h2_typography-font-family);--awb-caption-title-font-weight:var(--h2_typography-font-weight);--awb-caption-title-font-style:var(--h2_typography-font-style);--awb-caption-title-size:var(--h2_typography-font-size);--awb-caption-title-transform:var(--h2_typography-text-transform);--awb-caption-title-line-height:var(--h2_typography-line-height);--awb-caption-title-letter-spacing:var(--h2_typography-letter-spacing);\"><span class=\" fusion-imageframe imageframe-none imageframe-3 hover-type-none\"><img decoding=\"async\" width=\"512\" height=\"512\" alt=\"Conde de Valicourt - Cavas artesanos - Pened\u00e9s (Sant Sadurn\u00ed de Noia)\" title=\"ubicacion\" src=\"https:\/\/condedevalicourt.pruebasweb.com.es\/wp-content\/uploads\/ubicacion.webp\" class=\"img-responsive wp-image-607\" srcset=\"https:\/\/condedevalicourt.com\/wp-content\/uploads\/ubicacion-200x200.webp 200w, https:\/\/condedevalicourt.com\/wp-content\/uploads\/ubicacion-400x400.webp 400w, https:\/\/condedevalicourt.com\/wp-content\/uploads\/ubicacion.webp 512w\" sizes=\"(max-width: 640px) 100vw, 512px\" \/><\/span><\/div><div class=\"fusion-text fusion-text-5 fusion-text-no-margin\" style=\"--awb-content-alignment:center;--awb-font-size:15px;--awb-line-height:1.4em;--awb-text-transform:uppercase;--awb-margin-bottom:5px;\"><p>I, si ho prefereixes, els enviem a cadascun dels destinataris als quals van adre\u00e7ats els obsequis.<\/p>\n<\/div><div class=\"fusion-text fusion-text-6\" style=\"--awb-content-alignment:center;--awb-font-size:11px;--awb-line-height:1.4em;--awb-margin-top:0px;\"><p>Inclosa la manipulaci\u00f3 individualitzada de la targeta de felicitaci\u00f3.<\/p>\n<\/div><div style=\"text-align:center;\"><a class=\"fusion-button button-flat fusion-button-default-size button-default fusion-button-default button-1 fusion-button-default-span fusion-button-default-type\" style=\"--awb-margin-top:30px;\" target=\"_self\" href=\"\/ca\/contacte\/#formulario\"><span class=\"fusion-button-text awb-button__text awb-button__text--default\">DIGUEN\u2019S QU\u00c8 NECESSITES!<\/span><\/a><\/div><\/div><\/div><\/div><\/div><\/p>\n","protected":false},"excerpt":{"rendered":"","protected":false},"author":1,"featured_media":0,"parent":0,"menu_order":0,"comment_status":"closed","ping_status":"closed","template":"100-width.php","meta":{"footnotes":""},"class_list":["post-608","page","type-page","status-publish","hentry"],"yoast_head":"<!-- This site is optimized with the Yoast SEO plugin v27.5 - https:\/\/yoast.com\/product\/yoast-seo-wordpress\/ -->\n<title>Lots - Conde de Valicourt - Cavas artesanos - Pened\u00e9s (Sant Sadurn\u00ed de Noia)<\/title>\n<meta name=\"robots\" content=\"index, follow, max-snippet:-1, max-image-preview:large, max-video-preview:-1\" \/>\n<link rel=\"canonical\" href=\"https:\/\/condedevalicourt.com\/ca\/lots\/\" \/>\n<meta property=\"og:locale\" content=\"ca_ES\" \/>\n<meta property=\"og:type\" content=\"article\" \/>\n<meta property=\"og:title\" content=\"Lots - Conde de Valicourt - Cavas artesanos - Pened\u00e9s (Sant Sadurn\u00ed de Noia)\" \/>\n<meta property=\"og:url\" content=\"https:\/\/condedevalicourt.com\/ca\/lots\/\" \/>\n<meta property=\"og:site_name\" content=\"Conde de Valicourt - Cavas artesanos - Pened\u00e9s (Sant Sadurn\u00ed de Noia)\" \/>\n<meta property=\"article:modified_time\" content=\"2025-11-05T10:46:16+00:00\" \/>\n<meta name=\"twitter:card\" content=\"summary_large_image\" \/>\n<meta name=\"twitter:label1\" content=\"Temps estimat de lectura\" \/>\n\t<meta name=\"twitter:data1\" content=\"2 minuts\" \/>\n<script type=\"application\/ld+json\" class=\"yoast-schema-graph\">{\"@context\":\"https:\\\/\\\/schema.org\",\"@graph\":[{\"@type\":\"WebPage\",\"@id\":\"https:\\\/\\\/condedevalicourt.com\\\/ca\\\/lots\\\/\",\"url\":\"https:\\\/\\\/condedevalicourt.com\\\/ca\\\/lots\\\/\",\"name\":\"Lots - Conde de Valicourt - Cavas artesanos - Pened\u00e9s (Sant Sadurn\u00ed de Noia)\",\"isPartOf\":{\"@id\":\"https:\\\/\\\/condedevalicourt.com\\\/ca\\\/#website\"},\"datePublished\":\"2025-10-21T10:51:06+00:00\",\"dateModified\":\"2025-11-05T10:46:16+00:00\",\"breadcrumb\":{\"@id\":\"https:\\\/\\\/condedevalicourt.com\\\/ca\\\/lots\\\/#breadcrumb\"},\"inLanguage\":\"ca\",\"potentialAction\":[{\"@type\":\"ReadAction\",\"target\":[\"https:\\\/\\\/condedevalicourt.com\\\/ca\\\/lots\\\/\"]}]},{\"@type\":\"BreadcrumbList\",\"@id\":\"https:\\\/\\\/condedevalicourt.com\\\/ca\\\/lots\\\/#breadcrumb\",\"itemListElement\":[{\"@type\":\"ListItem\",\"position\":1,\"name\":\"Portada\",\"item\":\"https:\\\/\\\/condedevalicourt.com\\\/ca\\\/\"},{\"@type\":\"ListItem\",\"position\":2,\"name\":\"Lots\"}]},{\"@type\":\"WebSite\",\"@id\":\"https:\\\/\\\/condedevalicourt.com\\\/ca\\\/#website\",\"url\":\"https:\\\/\\\/condedevalicourt.com\\\/ca\\\/\",\"name\":\"Conde de Valicourt - Cavas artesanos - Pened\u00e9s (Sant Sadurn\u00ed de Noia)\",\"description\":\"\",\"potentialAction\":[{\"@type\":\"SearchAction\",\"target\":{\"@type\":\"EntryPoint\",\"urlTemplate\":\"https:\\\/\\\/condedevalicourt.com\\\/ca\\\/?s={search_term_string}\"},\"query-input\":{\"@type\":\"PropertyValueSpecification\",\"valueRequired\":true,\"valueName\":\"search_term_string\"}}],\"inLanguage\":\"ca\"}]}<\/script>\n<!-- \/ Yoast SEO plugin. -->","yoast_head_json":{"title":"Lots - Conde de Valicourt - Cavas artesanos - Pened\u00e9s (Sant Sadurn\u00ed de Noia)","robots":{"index":"index","follow":"follow","max-snippet":"max-snippet:-1","max-image-preview":"max-image-preview:large","max-video-preview":"max-video-preview:-1"},"canonical":"https:\/\/condedevalicourt.com\/ca\/lots\/","og_locale":"ca_ES","og_type":"article","og_title":"Lots - Conde de Valicourt - Cavas artesanos - Pened\u00e9s (Sant Sadurn\u00ed de Noia)","og_url":"https:\/\/condedevalicourt.com\/ca\/lots\/","og_site_name":"Conde de Valicourt - Cavas artesanos - Pened\u00e9s (Sant Sadurn\u00ed de Noia)","article_modified_time":"2025-11-05T10:46:16+00:00","twitter_card":"summary_large_image","twitter_misc":{"Temps estimat de lectura":"2 minuts"},"schema":{"@context":"https:\/\/schema.org","@graph":[{"@type":"WebPage","@id":"https:\/\/condedevalicourt.com\/ca\/lots\/","url":"https:\/\/condedevalicourt.com\/ca\/lots\/","name":"Lots - Conde de Valicourt - Cavas artesanos - Pened\u00e9s (Sant Sadurn\u00ed de Noia)","isPartOf":{"@id":"https:\/\/condedevalicourt.com\/ca\/#website"},"datePublished":"2025-10-21T10:51:06+00:00","dateModified":"2025-11-05T10:46:16+00:00","breadcrumb":{"@id":"https:\/\/condedevalicourt.com\/ca\/lots\/#breadcrumb"},"inLanguage":"ca","potentialAction":[{"@type":"ReadAction","target":["https:\/\/condedevalicourt.com\/ca\/lots\/"]}]},{"@type":"BreadcrumbList","@id":"https:\/\/condedevalicourt.com\/ca\/lots\/#breadcrumb","itemListElement":[{"@type":"ListItem","position":1,"name":"Portada","item":"https:\/\/condedevalicourt.com\/ca\/"},{"@type":"ListItem","position":2,"name":"Lots"}]},{"@type":"WebSite","@id":"https:\/\/condedevalicourt.com\/ca\/#website","url":"https:\/\/condedevalicourt.com\/ca\/","name":"Conde de Valicourt - Cavas artesanos - Pened\u00e9s (Sant Sadurn\u00ed de Noia)","description":"","potentialAction":[{"@type":"SearchAction","target":{"@type":"EntryPoint","urlTemplate":"https:\/\/condedevalicourt.com\/ca\/?s={search_term_string}"},"query-input":{"@type":"PropertyValueSpecification","valueRequired":true,"valueName":"search_term_string"}}],"inLanguage":"ca"}]}},"_links":{"self":[{"href":"https:\/\/condedevalicourt.com\/ca\/wp-json\/wp\/v2\/pages\/608","targetHints":{"allow":["GET"]}}],"collection":[{"href":"https:\/\/condedevalicourt.com\/ca\/wp-json\/wp\/v2\/pages"}],"about":[{"href":"https:\/\/condedevalicourt.com\/ca\/wp-json\/wp\/v2\/types\/page"}],"author":[{"embeddable":true,"href":"https:\/\/condedevalicourt.com\/ca\/wp-json\/wp\/v2\/users\/1"}],"replies":[{"embeddable":true,"href":"https:\/\/condedevalicourt.com\/ca\/wp-json\/wp\/v2\/comments?post=608"}],"version-history":[{"count":0,"href":"https:\/\/condedevalicourt.com\/ca\/wp-json\/wp\/v2\/pages\/608\/revisions"}],"wp:attachment":[{"href":"https:\/\/condedevalicourt.com\/ca\/wp-json\/wp\/v2\/media?parent=608"}],"curies":[{"name":"wp","href":"https:\/\/api.w.org\/{rel}","templated":true}]}}