{"id":697,"date":"2025-10-28T11:58:34","date_gmt":"2025-10-28T10:58:34","guid":{"rendered":"https:\/\/condedevalicourt.pruebasweb.com.es\/?post_type=product&#038;p=697"},"modified":"2025-11-03T17:28:23","modified_gmt":"2025-11-03T16:28:23","slug":"coupage-de-alicia-brut-nature","status":"publish","type":"product","link":"https:\/\/condedevalicourt.com\/ca\/producte\/coupage-de-alicia-brut-nature\/","title":{"rendered":"Coupage de Alicia \u00b7 Brut Nature \u00b7 Gran Reserva \u00b7 Guarda Superior"},"content":{"rendered":"<div class=\"fusion-fullwidth fullwidth-box fusion-builder-row-1 fusion-flex-container has-pattern-background has-mask-background hundred-percent-fullwidth non-hundred-percent-height-scrolling\" style=\"--awb-border-radius-top-left:0px;--awb-border-radius-top-right:0px;--awb-border-radius-bottom-right:0px;--awb-border-radius-bottom-left:0px;--awb-padding-right:0px;--awb-padding-left:0px;--awb-flex-wrap:wrap;\" ><div class=\"fusion-builder-row fusion-row fusion-flex-align-items-flex-start fusion-flex-content-wrap\" style=\"width:104% !important;max-width:104% !important;margin-left: calc(-4% \/ 2 );margin-right: calc(-4% \/ 2 );\"><div class=\"fusion-layout-column fusion_builder_column fusion-builder-column-0 fusion_builder_column_1_1 1_1 fusion-flex-column\" style=\"--awb-bg-size:cover;--awb-width-large:100%;--awb-margin-top-large:0px;--awb-spacing-right-large:1.92%;--awb-margin-bottom-large:0px;--awb-spacing-left-large:1.92%;--awb-width-medium:100%;--awb-order-medium:0;--awb-spacing-right-medium:1.92%;--awb-spacing-left-medium:1.92%;--awb-width-small:100%;--awb-order-small:0;--awb-spacing-right-small:1.92%;--awb-spacing-left-small:1.92%;\"><div class=\"fusion-column-wrapper fusion-column-has-shadow fusion-flex-justify-content-flex-start fusion-content-layout-column\"><div class=\"fusion-title title fusion-title-1 fusion-sep-none fusion-title-center fusion-title-text fusion-title-size-two\" style=\"--awb-text-color:#59595b;--awb-margin-bottom:0px;--awb-margin-top-small:10px;--awb-margin-right-small:0px;--awb-margin-bottom-small:10px;--awb-margin-left-small:0px;--awb-font-size:45px;\"><h2 class=\"fusion-title-heading title-heading-center fusion-responsive-typography-calculated\" style=\"font-family:&quot;Barlow Condensed&quot;;font-style:normal;font-weight:700;margin:0;letter-spacing:0.2em;text-transform:uppercase;font-size:1em;--fontSize:45;line-height:1.3;\">Coupage de Alicia<\/h2><\/div><div class=\"fusion-text fusion-text-1\" style=\"--awb-content-alignment:center;--awb-font-size:22px;--awb-line-height:1.5em;--awb-margin-top:0px;--awb-text-font-family:&quot;Open Sans&quot;;--awb-text-font-style:normal;--awb-text-font-weight:300;\"><p>brut nature<br \/>\ngran reserva \u00b7 guarda superior<br \/>\nSANT SADURN\u00cd D\u2019ANOIA<br \/>\nD.O. CAVA<\/p>\n<\/div><div class=\"fusion-separator fusion-full-width-sep\" style=\"align-self: center;margin-left: auto;margin-right: auto;margin-bottom:25px;width:100%;\"><div class=\"fusion-separator-border sep-single sep-solid\" style=\"--awb-height:20px;--awb-amount:20px;border-color:var(--awb-color3);border-top-width:2px;\"><\/div><\/div><div class=\"fusion-text fusion-text-2\"><p><strong>Tipus de cava:<\/strong> brut nature, sense sucre afegit despr\u00e9s del degollament. El seu consum moderat \u00e9s apte per a diab\u00e8tics i cont\u00e9 menys calories.<br \/>\n<strong>Varietats:<\/strong> xarel\u00b7lo, macabeu i parellada, conreades al cor del Pened\u00e8s. Elaborat amb vins ecol\u00f2gics.<br \/>\n<strong>1a fermentaci\u00f3:<\/strong> controlada a 13-15\u00ba, en dip\u00f2sit d\u2019acer inoxidable.<br \/>\n<strong>2a fermentaci\u00f3:<\/strong> en ampolla, en posici\u00f3 horitzontal a la rima.<br \/>\n<strong>Crian\u00e7a:<\/strong> Gran Reserva de Guarda Superior, amb un m\u00ednim de 30 mesos en ampolla amb les mares.<br \/>\n<strong>Alcohol:<\/strong> 11,5% vol.<\/p>\n<\/div><\/div><\/div><div class=\"fusion-layout-column fusion_builder_column fusion-builder-column-1 fusion_builder_column_1_2 1_2 fusion-flex-column\" style=\"--awb-bg-size:cover;--awb-width-large:50%;--awb-margin-top-large:0px;--awb-spacing-right-large:3.84%;--awb-margin-bottom-large:20px;--awb-spacing-left-large:3.84%;--awb-width-medium:50%;--awb-order-medium:0;--awb-spacing-right-medium:3.84%;--awb-spacing-left-medium:3.84%;--awb-width-small:100%;--awb-order-small:0;--awb-spacing-right-small:1.92%;--awb-spacing-left-small:1.92%;\"><div class=\"fusion-column-wrapper fusion-column-has-shadow fusion-flex-justify-content-flex-start fusion-content-layout-column\"><div class=\"fusion-title title fusion-title-2 fusion-sep-none fusion-title-text fusion-title-size-three\" style=\"--awb-text-color:var(--awb-color4);--awb-margin-bottom:10px;--awb-margin-top-small:10px;--awb-margin-right-small:0px;--awb-margin-bottom-small:10px;--awb-margin-left-small:0px;--awb-font-size:30px;\"><h3 class=\"fusion-title-heading title-heading-left fusion-responsive-typography-calculated\" style=\"font-family:&quot;Open Sans&quot;;font-style:normal;font-weight:300;margin:0;font-size:1em;--fontSize:30;line-height:1.3;\">vinyes<\/h3><\/div><ul style=\"--awb-line-height:25.5px;--awb-icon-width:25.5px;--awb-icon-height:25.5px;--awb-icon-margin:10.5px;--awb-content-margin:36px;\" class=\"fusion-checklist fusion-checklist-1 fusion-checklist-default type-icons\"><li class=\"fusion-li-item\" style=\"\"><span class=\"icon-wrapper circle-no\"><i class=\"fusion-li-icon fa-square fas\" aria-hidden=\"true\"><\/i><\/span><div class=\"fusion-li-item-content\">Edat: 30 anys.<\/div><\/li><li class=\"fusion-li-item\" style=\"\"><span class=\"icon-wrapper circle-no\"><i class=\"fusion-li-icon fa-square fas\" aria-hidden=\"true\"><\/i><\/span><div class=\"fusion-li-item-content\">Localitzaci\u00f3: Comtats de Barcelona, Valls d\u2019Anoia-Foix.<\/div><\/li><\/ul><div class=\"fusion-title title fusion-title-3 fusion-sep-none fusion-title-text fusion-title-size-three\" style=\"--awb-text-color:var(--awb-color4);--awb-margin-top:20px;--awb-margin-bottom:20px;--awb-margin-top-small:10px;--awb-margin-right-small:0px;--awb-margin-bottom-small:10px;--awb-margin-left-small:0px;--awb-font-size:30px;\"><h3 class=\"fusion-title-heading title-heading-left fusion-responsive-typography-calculated\" style=\"font-family:&quot;Open Sans&quot;;font-style:normal;font-weight:300;margin:0;font-size:1em;--fontSize:30;line-height:1.3;\">recomanacions<\/h3><\/div><ul style=\"--awb-line-height:25.5px;--awb-icon-width:25.5px;--awb-icon-height:25.5px;--awb-icon-margin:10.5px;--awb-content-margin:36px;\" class=\"fusion-checklist fusion-checklist-2 fusion-checklist-default type-icons\"><li class=\"fusion-li-item\" style=\"\"><span class=\"icon-wrapper circle-no\"><i class=\"fusion-li-icon fa-square fas\" aria-hidden=\"true\"><\/i><\/span><div class=\"fusion-li-item-content\">Temperatura: 6-8\u00baC.<\/div><\/li><li class=\"fusion-li-item\" style=\"\"><span class=\"icon-wrapper circle-no\"><i class=\"fusion-li-icon fa-square fas\" aria-hidden=\"true\"><\/i><\/span><div class=\"fusion-li-item-content\">Maridatge: aperitius, arrossos, marisc, peix, carn blanca, pasta, foie, formatges madurats.<\/div><\/li><li class=\"fusion-li-item\" style=\"\"><span class=\"icon-wrapper circle-no\"><i class=\"fusion-li-icon fa-square fas\" aria-hidden=\"true\"><\/i><\/span><div class=\"fusion-li-item-content\">Conservaci\u00f3: allunyat de la llum (natural i artificial) i sense canvis bruscos de temperatura.<\/div><\/li><\/ul><div class=\"fusion-title title fusion-title-4 fusion-sep-none fusion-title-text fusion-title-size-three\" style=\"--awb-text-color:var(--awb-color4);--awb-margin-top:20px;--awb-margin-bottom:20px;--awb-margin-top-small:10px;--awb-margin-right-small:0px;--awb-margin-bottom-small:10px;--awb-margin-left-small:0px;--awb-font-size:30px;\"><h3 class=\"fusion-title-heading title-heading-left fusion-responsive-typography-calculated\" style=\"font-family:&quot;Open Sans&quot;;font-style:normal;font-weight:300;margin:0;font-size:1em;--fontSize:30;line-height:1.3;\">reconeixements<\/h3><\/div><ul style=\"--awb-line-height:25.5px;--awb-icon-width:25.5px;--awb-icon-height:25.5px;--awb-icon-margin:10.5px;--awb-content-margin:36px;\" class=\"fusion-checklist fusion-checklist-3 fusion-checklist-default type-icons\"><li class=\"fusion-li-item\" style=\"\"><span class=\"icon-wrapper circle-no\"><i class=\"fusion-li-icon fa-square fas\" aria-hidden=\"true\"><\/i><\/span><div class=\"fusion-li-item-content\">87 punts, GUIA PE\u00d1\u00cdN.<\/div><\/li><li class=\"fusion-li-item\" style=\"\"><span class=\"icon-wrapper circle-no\"><i class=\"fusion-li-icon fa-square fas\" aria-hidden=\"true\"><\/i><\/span><div class=\"fusion-li-item-content\">9,12\/10, GUIA DE VINS DE CATALUNYA.<\/div><\/li><li class=\"fusion-li-item\" style=\"\"><span class=\"icon-wrapper circle-no\"><i class=\"fusion-li-icon fa-square fas\" aria-hidden=\"true\"><\/i><\/span><div class=\"fusion-li-item-content\">Bronze, GUIA DE VINS D\u2019ESPANYA.<\/div><\/li><\/ul><\/div><\/div><div class=\"fusion-layout-column fusion_builder_column fusion-builder-column-2 fusion_builder_column_1_2 1_2 fusion-flex-column\" style=\"--awb-bg-size:cover;--awb-width-large:50%;--awb-margin-top-large:0px;--awb-spacing-right-large:3.84%;--awb-margin-bottom-large:20px;--awb-spacing-left-large:3.84%;--awb-width-medium:50%;--awb-order-medium:0;--awb-spacing-right-medium:3.84%;--awb-spacing-left-medium:3.84%;--awb-width-small:100%;--awb-order-small:0;--awb-spacing-right-small:1.92%;--awb-spacing-left-small:1.92%;\"><div class=\"fusion-column-wrapper fusion-column-has-shadow fusion-flex-justify-content-flex-start fusion-content-layout-column\"><div class=\"fusion-title title fusion-title-5 fusion-sep-none fusion-title-text fusion-title-size-three\" style=\"--awb-text-color:var(--awb-color4);--awb-margin-bottom:10px;--awb-margin-top-small:10px;--awb-margin-right-small:0px;--awb-margin-bottom-small:10px;--awb-margin-left-small:0px;--awb-font-size:30px;\"><h3 class=\"fusion-title-heading title-heading-left fusion-responsive-typography-calculated\" style=\"font-family:&quot;Open Sans&quot;;font-style:normal;font-weight:300;margin:0;font-size:1em;--fontSize:30;line-height:1.3;\">tast<\/h3><\/div><div class=\"fusion-text fusion-text-3\"><p>Un cava artesanal, natural, fresc, fi, llaminer i elegant. Sorpr\u00e8n la seva excel\u00b7lent relaci\u00f3 qualitat\/preu.<\/p>\n<\/div><ul style=\"--awb-line-height:25.5px;--awb-icon-width:25.5px;--awb-icon-height:25.5px;--awb-icon-margin:10.5px;--awb-content-margin:36px;\" class=\"fusion-checklist fusion-checklist-4 fusion-checklist-default type-icons\"><li class=\"fusion-li-item\" style=\"\"><span class=\"icon-wrapper circle-no\"><i class=\"fusion-li-icon fa-square fas\" aria-hidden=\"true\"><\/i><\/span><div class=\"fusion-li-item-content\">Vista: daurat suau, amb el carb\u00f2nic perfectament integrat a causa de la llarga crian\u00e7a.<\/div><\/li><li class=\"fusion-li-item\" style=\"\"><span class=\"icon-wrapper circle-no\"><i class=\"fusion-li-icon fa-square fas\" aria-hidden=\"true\"><\/i><\/span><div class=\"fusion-li-item-content\">Nas: excel\u00b7lent intensitat d\u2019aromes a fruits secs, torrats i pastisseria.<\/div><\/li><li class=\"fusion-li-item\" style=\"\"><span class=\"icon-wrapper circle-no\"><i class=\"fusion-li-icon fa-square fas\" aria-hidden=\"true\"><\/i><\/span><div class=\"fusion-li-item-content\">Boca: notes de poma, pera, pr\u00e9ssec i pinya, en la seva versi\u00f3 madura.<\/div><\/li><\/ul><div class=\"fusion-title title fusion-title-6 fusion-sep-none fusion-title-text fusion-title-size-three\" style=\"--awb-text-color:var(--awb-color4);--awb-margin-bottom:10px;--awb-margin-top-small:10px;--awb-margin-right-small:0px;--awb-margin-bottom-small:10px;--awb-margin-left-small:0px;--awb-font-size:30px;\"><h3 class=\"fusion-title-heading title-heading-left fusion-responsive-typography-calculated\" style=\"font-family:&quot;Open Sans&quot;;font-style:normal;font-weight:300;margin:0;font-size:1em;--fontSize:30;line-height:1.3;\">d\u2019inter\u00e8s<\/h3><\/div><div class=\"fusion-text fusion-text-4\"><p>Aquest cava \u00e9s un homenatge a les dones que estimen el seu ofici i transmeten la seva energia i entusiasme als qui els envolten.<\/p>\n<p>Al no portar sucre afegit despr\u00e9s del degollament, el seu consum moderat \u00e9s apte per a diab\u00e8tics i cont\u00e9 menys calories.<\/p>\n<\/div><\/div><\/div><div class=\"fusion-layout-column fusion_builder_column fusion-builder-column-3 fusion_builder_column_1_1 1_1 fusion-flex-column\" style=\"--awb-bg-size:cover;--awb-width-large:100%;--awb-margin-top-large:0px;--awb-spacing-right-large:1.92%;--awb-margin-bottom-large:20px;--awb-spacing-left-large:1.92%;--awb-width-medium:100%;--awb-order-medium:0;--awb-spacing-right-medium:1.92%;--awb-spacing-left-medium:1.92%;--awb-width-small:100%;--awb-order-small:0;--awb-spacing-right-small:1.92%;--awb-spacing-left-small:1.92%;\"><div class=\"fusion-column-wrapper fusion-column-has-shadow fusion-flex-justify-content-flex-start fusion-content-layout-column\"><div class=\"fusion-separator fusion-full-width-sep\" style=\"align-self: center;margin-left: auto;margin-right: auto;margin-top:25px;margin-bottom:10px;width:100%;\"><div class=\"fusion-separator-border sep-single sep-solid\" style=\"--awb-height:20px;--awb-amount:20px;border-color:var(--awb-color3);border-top-width:2px;\"><\/div><\/div><div class=\"fusion-title title fusion-title-7 fusion-sep-none fusion-title-text fusion-title-size-three\" style=\"--awb-text-color:var(--awb-color4);--awb-margin-top-small:10px;--awb-margin-right-small:0px;--awb-margin-bottom-small:10px;--awb-margin-left-small:0px;--awb-font-size:24px;\"><h3 class=\"fusion-title-heading title-heading-left fusion-responsive-typography-calculated\" style=\"font-family:&quot;Open Sans&quot;;font-style:normal;font-weight:400;margin:0;font-size:1em;--fontSize:24;line-height:1.3;\"><em>Sabies que els nostres brut nature no porten sucres afegits?<\/em><\/h3><\/div><div class=\"fusion-text fusion-text-5\"><p>Tots els caves neixen brut nature, tan sols amb el sucre residual de la segona fermentaci\u00f3. No obstant aix\u00f2, podem afegir fins a 3 grams per litre despr\u00e9s del degollament.<\/p>\n<p>Nosaltres defensem que, quan el cava queda rod\u00f3, equilibrat i amb l\u2019acidesa justa, no necessita afegir-li res. Nom\u00e9s deixar-li ser i que expressi la seva puresa.<\/p>\n<\/div><\/div><\/div><\/div><\/div>\n","protected":false},"excerpt":{"rendered":"","protected":false},"featured_media":696,"comment_status":"open","ping_status":"closed","template":"","meta":[],"product_brand":[],"product_cat":[34],"product_tag":[],"class_list":{"0":"post-697","1":"product","2":"type-product","3":"status-publish","4":"has-post-thumbnail","6":"product_cat-caves","8":"first","9":"outofstock","10":"shipping-taxable","11":"product-type-variable"},"yoast_head":"<!-- This site is optimized with the Yoast SEO plugin v27.6 - https:\/\/yoast.com\/product\/yoast-seo-wordpress\/ -->\n<title>Coupage de Alicia cava brut nature gran reserva 30 meses - DO Cava<\/title>\n<meta name=\"description\" content=\"Un cava perfectament equilibrat, potent, sec i apetit\u00f3s. Sense additius qu\u00edmics, sucres ni ess\u00e8ncies afegits, el seu consum moderat \u00e9s apte per a diab\u00e8tics.\" \/>\n<meta name=\"robots\" content=\"index, follow, max-snippet:-1, max-image-preview:large, max-video-preview:-1\" \/>\n<link rel=\"canonical\" href=\"https:\/\/condedevalicourt.com\/ca\/producte\/coupage-de-alicia-brut-nature\/\" \/>\n<meta property=\"og:locale\" content=\"ca_ES\" \/>\n<meta property=\"og:type\" content=\"article\" \/>\n<meta property=\"og:title\" content=\"Coupage de Alicia cava brut nature gran reserva 30 meses - DO Cava\" \/>\n<meta property=\"og:description\" content=\"Un cava perfectament equilibrat, potent, sec i apetit\u00f3s. Sense additius qu\u00edmics, sucres ni ess\u00e8ncies afegits, el seu consum moderat \u00e9s apte per a diab\u00e8tics.\" \/>\n<meta property=\"og:url\" content=\"https:\/\/condedevalicourt.com\/ca\/producte\/coupage-de-alicia-brut-nature\/\" \/>\n<meta property=\"og:site_name\" content=\"Conde de Valicourt - Cavas artesanos - Pened\u00e9s (Sant Sadurn\u00ed de Noia)\" \/>\n<meta property=\"article:modified_time\" content=\"2025-11-03T16:28:23+00:00\" \/>\n<meta property=\"og:image\" content=\"https:\/\/condedevalicourt.com\/wp-content\/uploads\/CdAlicia-Brut-NatureGR.webp\" \/>\n\t<meta property=\"og:image:width\" content=\"400\" \/>\n\t<meta property=\"og:image:height\" content=\"675\" \/>\n\t<meta property=\"og:image:type\" content=\"image\/webp\" \/>\n<meta name=\"twitter:card\" content=\"summary_large_image\" \/>\n<meta name=\"twitter:label1\" content=\"Temps estimat de lectura\" \/>\n\t<meta name=\"twitter:data1\" content=\"2 minuts\" \/>\n<script type=\"application\/ld+json\" class=\"yoast-schema-graph\">{\"@context\":\"https:\\\/\\\/schema.org\",\"@graph\":[{\"@type\":\"WebPage\",\"@id\":\"https:\\\/\\\/condedevalicourt.com\\\/ca\\\/producte\\\/coupage-de-alicia-brut-nature\\\/\",\"url\":\"https:\\\/\\\/condedevalicourt.com\\\/ca\\\/producte\\\/coupage-de-alicia-brut-nature\\\/\",\"name\":\"Coupage de Alicia cava brut nature gran reserva 30 meses - DO Cava\",\"isPartOf\":{\"@id\":\"https:\\\/\\\/condedevalicourt.com\\\/ca\\\/#website\"},\"primaryImageOfPage\":{\"@id\":\"https:\\\/\\\/condedevalicourt.com\\\/ca\\\/producte\\\/coupage-de-alicia-brut-nature\\\/#primaryimage\"},\"image\":{\"@id\":\"https:\\\/\\\/condedevalicourt.com\\\/ca\\\/producte\\\/coupage-de-alicia-brut-nature\\\/#primaryimage\"},\"thumbnailUrl\":\"https:\\\/\\\/condedevalicourt.com\\\/wp-content\\\/uploads\\\/CdAlicia-Brut-NatureGR.webp\",\"datePublished\":\"2025-10-28T10:58:34+00:00\",\"dateModified\":\"2025-11-03T16:28:23+00:00\",\"description\":\"Un cava perfectament equilibrat, potent, sec i apetit\u00f3s. Sense additius qu\u00edmics, sucres ni ess\u00e8ncies afegits, el seu consum moderat \u00e9s apte per a diab\u00e8tics.\",\"breadcrumb\":{\"@id\":\"https:\\\/\\\/condedevalicourt.com\\\/ca\\\/producte\\\/coupage-de-alicia-brut-nature\\\/#breadcrumb\"},\"inLanguage\":\"ca\",\"potentialAction\":[{\"@type\":\"ReadAction\",\"target\":[\"https:\\\/\\\/condedevalicourt.com\\\/ca\\\/producte\\\/coupage-de-alicia-brut-nature\\\/\"]}]},{\"@type\":\"ImageObject\",\"inLanguage\":\"ca\",\"@id\":\"https:\\\/\\\/condedevalicourt.com\\\/ca\\\/producte\\\/coupage-de-alicia-brut-nature\\\/#primaryimage\",\"url\":\"https:\\\/\\\/condedevalicourt.com\\\/wp-content\\\/uploads\\\/CdAlicia-Brut-NatureGR.webp\",\"contentUrl\":\"https:\\\/\\\/condedevalicourt.com\\\/wp-content\\\/uploads\\\/CdAlicia-Brut-NatureGR.webp\",\"width\":400,\"height\":675,\"caption\":\"Coupage de Alicia cava brut nature gran reserva 30 meses - DO Cava\"},{\"@type\":\"BreadcrumbList\",\"@id\":\"https:\\\/\\\/condedevalicourt.com\\\/ca\\\/producte\\\/coupage-de-alicia-brut-nature\\\/#breadcrumb\",\"itemListElement\":[{\"@type\":\"ListItem\",\"position\":1,\"name\":\"Portada\",\"item\":\"https:\\\/\\\/condedevalicourt.com\\\/ca\\\/\"},{\"@type\":\"ListItem\",\"position\":2,\"name\":\"Botiga\",\"item\":\"https:\\\/\\\/condedevalicourt.com\\\/tienda\\\/\"},{\"@type\":\"ListItem\",\"position\":3,\"name\":\"Coupage de Alicia \u00b7 Brut Nature \u00b7 Gran Reserva \u00b7 Guarda Superior\"}]},{\"@type\":\"WebSite\",\"@id\":\"https:\\\/\\\/condedevalicourt.com\\\/ca\\\/#website\",\"url\":\"https:\\\/\\\/condedevalicourt.com\\\/ca\\\/\",\"name\":\"Conde de Valicourt - Cavas artesanos - Pened\u00e9s (Sant Sadurn\u00ed de Noia)\",\"description\":\"\",\"potentialAction\":[{\"@type\":\"SearchAction\",\"target\":{\"@type\":\"EntryPoint\",\"urlTemplate\":\"https:\\\/\\\/condedevalicourt.com\\\/ca\\\/?s={search_term_string}\"},\"query-input\":{\"@type\":\"PropertyValueSpecification\",\"valueRequired\":true,\"valueName\":\"search_term_string\"}}],\"inLanguage\":\"ca\"}]}<\/script>\n<!-- \/ Yoast SEO plugin. -->","yoast_head_json":{"title":"Coupage de Alicia cava brut nature gran reserva 30 meses - DO Cava","description":"Un cava perfectament equilibrat, potent, sec i apetit\u00f3s. Sense additius qu\u00edmics, sucres ni ess\u00e8ncies afegits, el seu consum moderat \u00e9s apte per a diab\u00e8tics.","robots":{"index":"index","follow":"follow","max-snippet":"max-snippet:-1","max-image-preview":"max-image-preview:large","max-video-preview":"max-video-preview:-1"},"canonical":"https:\/\/condedevalicourt.com\/ca\/producte\/coupage-de-alicia-brut-nature\/","og_locale":"ca_ES","og_type":"article","og_title":"Coupage de Alicia cava brut nature gran reserva 30 meses - DO Cava","og_description":"Un cava perfectament equilibrat, potent, sec i apetit\u00f3s. Sense additius qu\u00edmics, sucres ni ess\u00e8ncies afegits, el seu consum moderat \u00e9s apte per a diab\u00e8tics.","og_url":"https:\/\/condedevalicourt.com\/ca\/producte\/coupage-de-alicia-brut-nature\/","og_site_name":"Conde de Valicourt - Cavas artesanos - Pened\u00e9s (Sant Sadurn\u00ed de Noia)","article_modified_time":"2025-11-03T16:28:23+00:00","og_image":[{"width":400,"height":675,"url":"https:\/\/condedevalicourt.com\/wp-content\/uploads\/CdAlicia-Brut-NatureGR.webp","type":"image\/webp"}],"twitter_card":"summary_large_image","twitter_misc":{"Temps estimat de lectura":"2 minuts"},"schema":{"@context":"https:\/\/schema.org","@graph":[{"@type":"WebPage","@id":"https:\/\/condedevalicourt.com\/ca\/producte\/coupage-de-alicia-brut-nature\/","url":"https:\/\/condedevalicourt.com\/ca\/producte\/coupage-de-alicia-brut-nature\/","name":"Coupage de Alicia cava brut nature gran reserva 30 meses - DO Cava","isPartOf":{"@id":"https:\/\/condedevalicourt.com\/ca\/#website"},"primaryImageOfPage":{"@id":"https:\/\/condedevalicourt.com\/ca\/producte\/coupage-de-alicia-brut-nature\/#primaryimage"},"image":{"@id":"https:\/\/condedevalicourt.com\/ca\/producte\/coupage-de-alicia-brut-nature\/#primaryimage"},"thumbnailUrl":"https:\/\/condedevalicourt.com\/wp-content\/uploads\/CdAlicia-Brut-NatureGR.webp","datePublished":"2025-10-28T10:58:34+00:00","dateModified":"2025-11-03T16:28:23+00:00","description":"Un cava perfectament equilibrat, potent, sec i apetit\u00f3s. Sense additius qu\u00edmics, sucres ni ess\u00e8ncies afegits, el seu consum moderat \u00e9s apte per a diab\u00e8tics.","breadcrumb":{"@id":"https:\/\/condedevalicourt.com\/ca\/producte\/coupage-de-alicia-brut-nature\/#breadcrumb"},"inLanguage":"ca","potentialAction":[{"@type":"ReadAction","target":["https:\/\/condedevalicourt.com\/ca\/producte\/coupage-de-alicia-brut-nature\/"]}]},{"@type":"ImageObject","inLanguage":"ca","@id":"https:\/\/condedevalicourt.com\/ca\/producte\/coupage-de-alicia-brut-nature\/#primaryimage","url":"https:\/\/condedevalicourt.com\/wp-content\/uploads\/CdAlicia-Brut-NatureGR.webp","contentUrl":"https:\/\/condedevalicourt.com\/wp-content\/uploads\/CdAlicia-Brut-NatureGR.webp","width":400,"height":675,"caption":"Coupage de Alicia cava brut nature gran reserva 30 meses - DO Cava"},{"@type":"BreadcrumbList","@id":"https:\/\/condedevalicourt.com\/ca\/producte\/coupage-de-alicia-brut-nature\/#breadcrumb","itemListElement":[{"@type":"ListItem","position":1,"name":"Portada","item":"https:\/\/condedevalicourt.com\/ca\/"},{"@type":"ListItem","position":2,"name":"Botiga","item":"https:\/\/condedevalicourt.com\/tienda\/"},{"@type":"ListItem","position":3,"name":"Coupage de Alicia \u00b7 Brut Nature \u00b7 Gran Reserva \u00b7 Guarda Superior"}]},{"@type":"WebSite","@id":"https:\/\/condedevalicourt.com\/ca\/#website","url":"https:\/\/condedevalicourt.com\/ca\/","name":"Conde de Valicourt - Cavas artesanos - Pened\u00e9s (Sant Sadurn\u00ed de Noia)","description":"","potentialAction":[{"@type":"SearchAction","target":{"@type":"EntryPoint","urlTemplate":"https:\/\/condedevalicourt.com\/ca\/?s={search_term_string}"},"query-input":{"@type":"PropertyValueSpecification","valueRequired":true,"valueName":"search_term_string"}}],"inLanguage":"ca"}]}},"_links":{"self":[{"href":"https:\/\/condedevalicourt.com\/ca\/wp-json\/wp\/v2\/product\/697","targetHints":{"allow":["GET"]}}],"collection":[{"href":"https:\/\/condedevalicourt.com\/ca\/wp-json\/wp\/v2\/product"}],"about":[{"href":"https:\/\/condedevalicourt.com\/ca\/wp-json\/wp\/v2\/types\/product"}],"replies":[{"embeddable":true,"href":"https:\/\/condedevalicourt.com\/ca\/wp-json\/wp\/v2\/comments?post=697"}],"wp:featuredmedia":[{"embeddable":true,"href":"https:\/\/condedevalicourt.com\/ca\/wp-json\/wp\/v2\/media\/696"}],"wp:attachment":[{"href":"https:\/\/condedevalicourt.com\/ca\/wp-json\/wp\/v2\/media?parent=697"}],"wp:term":[{"taxonomy":"product_brand","embeddable":true,"href":"https:\/\/condedevalicourt.com\/ca\/wp-json\/wp\/v2\/product_brand?post=697"},{"taxonomy":"product_cat","embeddable":true,"href":"https:\/\/condedevalicourt.com\/ca\/wp-json\/wp\/v2\/product_cat?post=697"},{"taxonomy":"product_tag","embeddable":true,"href":"https:\/\/condedevalicourt.com\/ca\/wp-json\/wp\/v2\/product_tag?post=697"}],"curies":[{"name":"wp","href":"https:\/\/api.w.org\/{rel}","templated":true}]}}